{"id":14,"date":"2020-09-17T11:35:44","date_gmt":"2020-09-17T14:35:44","guid":{"rendered":"http:\/\/dev.pronewodonto.com.br\/?page_id=14"},"modified":"2025-08-12T17:23:47","modified_gmt":"2025-08-12T20:23:47","slug":"a-empresa","status":"publish","type":"page","link":"http:\/\/staging.pronewodonto.com.br\/es\/la-empresa\/","title":{"rendered":"La empresa"},"content":{"rendered":"<p>Pronew es una empresa que crea, desarrolla, produce y comercializa maniqu\u00edes odontol\u00f3gicos y tiene como principal objetivo crear las mejores soluciones para tornar m\u00e1s completo, eficiente y pr\u00e1ctico el aprendizaje en las facultades de odontolog\u00eda, con el desarrollo de las mejores opciones en Maniqu\u00edes, Simuladores, Dientes y Arcos Dentarios.<\/p>\n<p>La constante inversi\u00f3n en innovaci\u00f3n, design, funcionalidad y materias primas permiti\u00f3 a Pronew crear sistemas innovadores de encaje, Dientes Diferenciados y Maniqu\u00edes con Pr\u00f3tesis f\u00e1cilmente removibles.<\/p>\n<p>Usados en diversas disciplinas, los productos de Pronew propician a los estudiantes de odontolog\u00eda una infinidad de situaciones muy similar a las vivenciadas en las consultas.<\/p>\n<p><strong>POL\u00cdTICA DE CALIDAD PRONEW<\/strong><br \/>\nDesarrollar y fabricar soluciones inteligentes, en alianza con los profesionales en las carreras de odontolog\u00eda, para facilitar el d\u00eda a d\u00eda del estudiante y hacer m\u00e1s pr\u00e1ctico y agradable o su aprendizaje de acuerdo con las especificaciones adoptadas, cuya calidad est\u00e1 asegurada por la atenci\u00f3n a los requisitos SGQ &#8211; Sistema de Gesti\u00f3n de Calidad y de su mejora continua.<\/p>","protected":false},"excerpt":{"rendered":"<p>Pronew es una empresa que crea, desarrolla, produce y comercializa maniqu\u00edes odontol\u00f3gicos y tiene como principal objetivo crear las mejores soluciones para tornar m\u00e1s completo, eficiente y pr\u00e1ctico el aprendizaje<\/p>\n","protected":false},"author":1,"featured_media":0,"parent":0,"menu_order":0,"comment_status":"closed","ping_status":"closed","template":"","meta":{"_acf_changed":false,"footnotes":""},"class_list":["post-14","page","type-page","status-publish","hentry"],"acf":[],"aioseo_notices":[],"_links":{"self":[{"href":"http:\/\/staging.pronewodonto.com.br\/es\/wp-json\/wp\/v2\/pages\/14","targetHints":{"allow":["GET"]}}],"collection":[{"href":"http:\/\/staging.pronewodonto.com.br\/es\/wp-json\/wp\/v2\/pages"}],"about":[{"href":"http:\/\/staging.pronewodonto.com.br\/es\/wp-json\/wp\/v2\/types\/page"}],"author":[{"embeddable":true,"href":"http:\/\/staging.pronewodonto.com.br\/es\/wp-json\/wp\/v2\/users\/1"}],"replies":[{"embeddable":true,"href":"http:\/\/staging.pronewodonto.com.br\/es\/wp-json\/wp\/v2\/comments?post=14"}],"version-history":[{"count":13,"href":"http:\/\/staging.pronewodonto.com.br\/es\/wp-json\/wp\/v2\/pages\/14\/revisions"}],"predecessor-version":[{"id":2439,"href":"http:\/\/staging.pronewodonto.com.br\/es\/wp-json\/wp\/v2\/pages\/14\/revisions\/2439"}],"wp:attachment":[{"href":"http:\/\/staging.pronewodonto.com.br\/es\/wp-json\/wp\/v2\/media?parent=14"}],"curies":[{"name":"wp","href":"https:\/\/api.w.org\/{rel}","templated":true}]}}