{"id":25,"date":"2020-09-17T11:42:14","date_gmt":"2020-09-17T14:42:14","guid":{"rendered":"http:\/\/dev.pronewodonto.com.br\/?page_id=25"},"modified":"2025-08-09T18:08:19","modified_gmt":"2025-08-09T21:08:19","slug":"revendedores","status":"publish","type":"page","link":"http:\/\/staging.pronewodonto.com.br\/es\/revendedores-2\/","title":{"rendered":"Revendedores"},"content":{"rendered":"<p><strong>Estamos presente en todo el territorio nacional.<\/strong><\/p>\n<p>Los productos est\u00e1n disponibles a trav\u00e9s de los diversos puntos de distribuci\u00f3n dispersos en todo el pa\u00eds, ofreciendo m\u00e1s comodidad, seguridad, garant\u00eda del producto disponible y de una atenci\u00f3n de calidad.<\/p>","protected":false},"excerpt":{"rendered":"<p>Estamos presente en todo el territorio nacional. Los productos est\u00e1n disponibles a trav\u00e9s de los diversos puntos de distribuci\u00f3n dispersos en todo el pa\u00eds, ofreciendo m\u00e1s comodidad, seguridad, garant\u00eda del<\/p>\n","protected":false},"author":1,"featured_media":0,"parent":0,"menu_order":0,"comment_status":"closed","ping_status":"closed","template":"","meta":{"_acf_changed":false,"footnotes":""},"class_list":["post-25","page","type-page","status-publish","hentry"],"acf":[],"aioseo_notices":[],"_links":{"self":[{"href":"http:\/\/staging.pronewodonto.com.br\/es\/wp-json\/wp\/v2\/pages\/25","targetHints":{"allow":["GET"]}}],"collection":[{"href":"http:\/\/staging.pronewodonto.com.br\/es\/wp-json\/wp\/v2\/pages"}],"about":[{"href":"http:\/\/staging.pronewodonto.com.br\/es\/wp-json\/wp\/v2\/types\/page"}],"author":[{"embeddable":true,"href":"http:\/\/staging.pronewodonto.com.br\/es\/wp-json\/wp\/v2\/users\/1"}],"replies":[{"embeddable":true,"href":"http:\/\/staging.pronewodonto.com.br\/es\/wp-json\/wp\/v2\/comments?post=25"}],"version-history":[{"count":8,"href":"http:\/\/staging.pronewodonto.com.br\/es\/wp-json\/wp\/v2\/pages\/25\/revisions"}],"predecessor-version":[{"id":2180,"href":"http:\/\/staging.pronewodonto.com.br\/es\/wp-json\/wp\/v2\/pages\/25\/revisions\/2180"}],"wp:attachment":[{"href":"http:\/\/staging.pronewodonto.com.br\/es\/wp-json\/wp\/v2\/media?parent=25"}],"curies":[{"name":"wp","href":"https:\/\/api.w.org\/{rel}","templated":true}]}}