{"id":27,"date":"2020-09-17T11:42:29","date_gmt":"2020-09-17T14:42:29","guid":{"rendered":"http:\/\/dev.pronewodonto.com.br\/?page_id=27"},"modified":"2025-08-01T18:09:23","modified_gmt":"2025-08-01T21:09:23","slug":"contato","status":"publish","type":"page","link":"http:\/\/staging.pronewodonto.com.br\/es\/contacto\/","title":{"rendered":"Contacto"},"content":{"rendered":"<p><strong>SAP I SERVICIO DE ATENCI\u00d3N PRONEW<\/strong><br \/>\nPronew tiene un equipo de profesionales capacitados para actuar como consultores internos, aclarando dudas, sugerencias y b\u00fasqueda de soluciones para facilitar su d\u00eda a d\u00eda.<\/p>\n<p><strong>REPRESENTANTES Y RELACIONES P\u00daBLICAS<\/strong><br \/>\nPronew dispone de un equipo de Relaciones P\u00fablicas y Representantes que act\u00faan como facilitadores en el proceso de relacionamiento, investigaci\u00f3n y desarrollo de Productos y Servicios<\/p>\n<p><strong>D\u00f3nde Estamos<\/strong><br \/>\nAv. Dr. Eug\u00eanio Borges, 205<br \/>\nRio do Ouro, S\u00e3o Gon\u00e7alo &#8211; RJ, 24753-000<\/p>","protected":false},"excerpt":{"rendered":"<p>SAP I SERVICIO DE ATENCI\u00d3N PRONEW Pronew tiene un equipo de profesionales capacitados para actuar como consultores internos, aclarando dudas, sugerencias y b\u00fasqueda de soluciones para facilitar su d\u00eda a<\/p>\n","protected":false},"author":1,"featured_media":0,"parent":0,"menu_order":0,"comment_status":"closed","ping_status":"closed","template":"","meta":{"_acf_changed":false,"footnotes":""},"class_list":["post-27","page","type-page","status-publish","hentry"],"acf":[],"aioseo_notices":[],"_links":{"self":[{"href":"http:\/\/staging.pronewodonto.com.br\/es\/wp-json\/wp\/v2\/pages\/27","targetHints":{"allow":["GET"]}}],"collection":[{"href":"http:\/\/staging.pronewodonto.com.br\/es\/wp-json\/wp\/v2\/pages"}],"about":[{"href":"http:\/\/staging.pronewodonto.com.br\/es\/wp-json\/wp\/v2\/types\/page"}],"author":[{"embeddable":true,"href":"http:\/\/staging.pronewodonto.com.br\/es\/wp-json\/wp\/v2\/users\/1"}],"replies":[{"embeddable":true,"href":"http:\/\/staging.pronewodonto.com.br\/es\/wp-json\/wp\/v2\/comments?post=27"}],"version-history":[{"count":14,"href":"http:\/\/staging.pronewodonto.com.br\/es\/wp-json\/wp\/v2\/pages\/27\/revisions"}],"predecessor-version":[{"id":2160,"href":"http:\/\/staging.pronewodonto.com.br\/es\/wp-json\/wp\/v2\/pages\/27\/revisions\/2160"}],"wp:attachment":[{"href":"http:\/\/staging.pronewodonto.com.br\/es\/wp-json\/wp\/v2\/media?parent=27"}],"curies":[{"name":"wp","href":"https:\/\/api.w.org\/{rel}","templated":true}]}}